{"id":453,"date":"2025-04-15T19:20:59","date_gmt":"2025-04-15T19:20:59","guid":{"rendered":"https:\/\/uavi.global\/?page_id=453"},"modified":"2026-01-19T12:42:12","modified_gmt":"2026-01-19T12:42:12","slug":"contato","status":"publish","type":"page","link":"https:\/\/uavi.global\/en\/contato\/","title":{"rendered":"Contact"},"content":{"rendered":"<div data-elementor-type=\"wp-page\" data-elementor-id=\"453\" class=\"elementor elementor-453\" data-elementor-post-type=\"page\">\n\t\t\t\t<div class=\"elementor-element elementor-element-39ca2c2 e-flex e-con-boxed e-con e-parent\" data-id=\"39ca2c2\" data-element_type=\"container\" data-e-type=\"container\" data-settings=\"{&quot;background_background&quot;:&quot;classic&quot;}\">\n\t\t\t\t\t<div class=\"e-con-inner\">\n\t\t\t\t<div class=\"elementor-element elementor-element-806052c elementor-widget__width-initial elementor-widget elementor-widget-heading\" data-id=\"806052c\" data-element_type=\"widget\" data-e-type=\"widget\" data-widget_type=\"heading.default\">\n\t\t\t\t<div class=\"elementor-widget-container\">\n\t\t\t\t\t<h1 class=\"elementor-heading-title elementor-size-default\">Contact<\/h1>\t\t\t\t<\/div>\n\t\t\t\t<\/div>\n\t\t\t\t<div class=\"elementor-element elementor-element-53b7889 elementor-widget__width-initial elementor-widget elementor-widget-heading\" data-id=\"53b7889\" data-element_type=\"widget\" data-e-type=\"widget\" data-widget_type=\"heading.default\">\n\t\t\t\t<div class=\"elementor-widget-container\">\n\t\t\t\t\t<p class=\"elementor-heading-title elementor-size-default\">Contact us for more information. Our team will be happy to assist you.<\/p>\t\t\t\t<\/div>\n\t\t\t\t<\/div>\n\t\t\t\t<div class=\"elementor-element elementor-element-76e7414 elementor-view-default elementor-widget elementor-widget-icon\" data-id=\"76e7414\" data-element_type=\"widget\" data-e-type=\"widget\" data-widget_type=\"icon.default\">\n\t\t\t\t<div class=\"elementor-widget-container\">\n\t\t\t\t\t\t\t<div class=\"elementor-icon-wrapper\">\n\t\t\t<a class=\"elementor-icon elementor-animation-grow\" href=\"#second-section\">\n\t\t\t<svg xmlns=\"http:\/\/www.w3.org\/2000\/svg\" width=\"64\" height=\"64\" viewbox=\"0 0 64 64\" fill=\"none\"><g id=\"Frame\"><path id=\"Vector (Stroke)\" fill-rule=\"evenodd\" clip-rule=\"evenodd\" d=\"M23.2929 28.6262C23.6834 28.2357 24.3166 28.2357 24.7071 28.6262L32 35.9191L39.2929 28.6262C39.6834 28.2357 40.3166 28.2357 40.7071 28.6262C41.0976 29.0168 41.0976 29.6499 40.7071 30.0405L32.7071 38.0405C32.3166 38.431 31.6834 38.431 31.2929 38.0405L23.2929 30.0405C22.9024 29.6499 22.9024 29.0168 23.2929 28.6262Z\" fill=\"#FEC200\"><\/path><path id=\"Vector (Stroke)_2\" fill-rule=\"evenodd\" clip-rule=\"evenodd\" d=\"M22.4329 8.90301C25.4661 7.64664 28.717 7 32 7C38.6304 7 44.9893 9.63392 49.6777 14.3223C54.3661 19.0107 57 25.3696 57 32C57 38.6304 54.3661 44.9893 49.6777 49.6777C44.9893 54.3661 38.6304 57 32 57C28.717 57 25.4661 56.3534 22.4329 55.097C19.3998 53.8406 16.6438 51.9991 14.3223 49.6777C12.0009 47.3562 10.1594 44.6002 8.90301 41.5671C7.64664 38.5339 7 35.283 7 32C7 28.717 7.64664 25.4661 8.90301 22.4329C10.1594 19.3998 12.0009 16.6438 14.3223 14.3223C16.6438 12.0009 19.3998 10.1594 22.4329 8.90301ZM32 9C28.9796 9 25.9888 9.59491 23.1983 10.7508C20.4078 11.9066 17.8723 13.6008 15.7365 15.7365C13.6008 17.8723 11.9066 20.4078 10.7508 23.1983C9.59491 25.9888 9 28.9796 9 32C9 35.0204 9.59491 38.0112 10.7508 40.8017C11.9066 43.5922 13.6008 46.1277 15.7365 48.2635C17.8723 50.3992 20.4078 52.0934 23.1983 53.2492C25.9888 54.4051 28.9796 55 32 55C38.1 55 43.9501 52.5768 48.2635 48.2635C52.5768 43.9501 55 38.1 55 32C55 25.9 52.5768 20.0499 48.2635 15.7365C43.9501 11.4232 38.1 9 32 9Z\" fill=\"#FEC200\"><\/path><\/g><\/svg>\t\t\t<\/a>\n\t\t<\/div>\n\t\t\t\t\t\t<\/div>\n\t\t\t\t<\/div>\n\t\t\t\t\t<\/div>\n\t\t\t\t<\/div>\n\t\t<div class=\"elementor-element elementor-element-e4509d8 e-flex e-con-boxed e-con e-parent\" data-id=\"e4509d8\" data-element_type=\"container\" data-e-type=\"container\" id=\"second-section\" data-settings=\"{&quot;background_background&quot;:&quot;classic&quot;}\">\n\t\t\t\t\t<div class=\"e-con-inner\">\n\t\t<div class=\"elementor-element elementor-element-18b5238 e-con-full e-flex e-con e-child\" data-id=\"18b5238\" data-element_type=\"container\" data-e-type=\"container\">\n\t\t\t\t<div class=\"elementor-element elementor-element-85c342f elementor-widget elementor-widget-heading\" data-id=\"85c342f\" data-element_type=\"widget\" data-e-type=\"widget\" data-widget_type=\"heading.default\">\n\t\t\t\t<div class=\"elementor-widget-container\">\n\t\t\t\t\t<h2 class=\"elementor-heading-title elementor-size-default\">Development Center<\/h2>\t\t\t\t<\/div>\n\t\t\t\t<\/div>\n\t\t\t\t<div class=\"elementor-element elementor-element-22c9c17 elementor-mobile-align-center elementor-icon-list--layout-traditional elementor-list-item-link-full_width elementor-widget elementor-widget-icon-list\" data-id=\"22c9c17\" data-element_type=\"widget\" data-e-type=\"widget\" data-widget_type=\"icon-list.default\">\n\t\t\t\t<div class=\"elementor-widget-container\">\n\t\t\t\t\t\t\t<ul class=\"elementor-icon-list-items\">\n\t\t\t\t\t\t\t<li class=\"elementor-icon-list-item\">\n\t\t\t\t\t\t\t\t\t\t\t<span class=\"elementor-icon-list-icon\">\n\t\t\t\t\t\t\t<svg aria-hidden=\"true\" class=\"e-font-icon-svg e-fas-envelope\" viewbox=\"0 0 512 512\" xmlns=\"http:\/\/www.w3.org\/2000\/svg\"><path d=\"M502.3 190.8c3.9-3.1 9.7-.2 9.7 4.7V400c0 26.5-21.5 48-48 48H48c-26.5 0-48-21.5-48-48V195.6c0-5 5.7-7.8 9.7-4.7 22.4 17.4 52.1 39.5 154.1 113.6 21.1 15.4 56.7 47.8 92.2 47.6 35.7.3 72-32.8 92.3-47.6 102-74.1 131.6-96.3 154-113.7zM256 320c23.2.4 56.6-29.2 73.4-41.4 132.7-96.3 142.8-104.7 173.4-128.7 5.8-4.5 9.2-11.5 9.2-18.9v-19c0-26.5-21.5-48-48-48H48C21.5 64 0 85.5 0 112v19c0 7.4 3.4 14.3 9.2 18.9 30.6 23.9 40.7 32.4 173.4 128.7 16.8 12.2 50.2 41.8 73.4 41.4z\"><\/path><\/svg>\t\t\t\t\t\t<\/span>\n\t\t\t\t\t\t\t\t\t\t<span class=\"elementor-icon-list-text\">contato@uavi.global<\/span>\n\t\t\t\t\t\t\t\t\t<\/li>\n\t\t\t\t\t\t\t\t<li class=\"elementor-icon-list-item\">\n\t\t\t\t\t\t\t\t\t\t\t<span class=\"elementor-icon-list-icon\">\n\t\t\t\t\t\t\t<svg aria-hidden=\"true\" class=\"e-font-icon-svg e-fab-whatsapp\" viewbox=\"0 0 448 512\" xmlns=\"http:\/\/www.w3.org\/2000\/svg\"><path d=\"M380.9 97.1C339 55.1 283.2 32 223.9 32c-122.4 0-222 99.6-222 222 0 39.1 10.2 77.3 29.6 111L0 480l117.7-30.9c32.4 17.7 68.9 27 106.1 27h.1c122.3 0 224.1-99.6 224.1-222 0-59.3-25.2-115-67.1-157zm-157 341.6c-33.2 0-65.7-8.9-94-25.7l-6.7-4-69.8 18.3L72 359.2l-4.4-7c-18.5-29.4-28.2-63.3-28.2-98.2 0-101.7 82.8-184.5 184.6-184.5 49.3 0 95.6 19.2 130.4 54.1 34.8 34.9 56.2 81.2 56.1 130.5 0 101.8-84.9 184.6-186.6 184.6zm101.2-138.2c-5.5-2.8-32.8-16.2-37.9-18-5.1-1.9-8.8-2.8-12.5 2.8-3.7 5.6-14.3 18-17.6 21.8-3.2 3.7-6.5 4.2-12 1.4-32.6-16.3-54-29.1-75.5-66-5.7-9.8 5.7-9.1 16.3-30.3 1.8-3.7.9-6.9-.5-9.7-1.4-2.8-12.5-30.1-17.1-41.2-4.5-10.8-9.1-9.3-12.5-9.5-3.2-.2-6.9-.2-10.6-.2-3.7 0-9.7 1.4-14.8 6.9-5.1 5.6-19.4 19-19.4 46.3 0 27.3 19.9 53.7 22.6 57.4 2.8 3.7 39.1 59.7 94.8 83.8 35.2 15.2 49 16.5 66.6 13.9 10.7-1.6 32.8-13.4 37.4-26.4 4.6-13 4.6-24.1 3.2-26.4-1.3-2.5-5-3.9-10.5-6.6z\"><\/path><\/svg>\t\t\t\t\t\t<\/span>\n\t\t\t\t\t\t\t\t\t\t<span class=\"elementor-icon-list-text\">+55 (12) 99612-2768<\/span>\n\t\t\t\t\t\t\t\t\t<\/li>\n\t\t\t\t\t\t\t\t<li class=\"elementor-icon-list-item\">\n\t\t\t\t\t\t\t\t\t\t<span class=\"elementor-icon-list-text\">Doctor Altino Bondesan Avenue, 500 Eugenio de Melo District, S\u00e3o Jos\u00e9 dos Campos \u2013 SP Zip Code 12247-016<\/span>\n\t\t\t\t\t\t\t\t\t<\/li>\n\t\t\t\t\t\t<\/ul>\n\t\t\t\t\t\t<\/div>\n\t\t\t\t<\/div>\n\t\t\t\t<\/div>\n\t\t<div class=\"elementor-element elementor-element-e8e8652 e-con-full e-flex e-con e-child\" data-id=\"e8e8652\" data-element_type=\"container\" data-e-type=\"container\">\n\t\t\t\t<div class=\"elementor-element elementor-element-b9fa6cc elementor-button-align-start elementor-mobile-button-align-center elementor-widget elementor-widget-form\" data-id=\"b9fa6cc\" data-element_type=\"widget\" data-e-type=\"widget\" data-settings=\"{&quot;step_next_label&quot;:&quot;Next&quot;,&quot;step_previous_label&quot;:&quot;Previous&quot;,&quot;button_width&quot;:&quot;100&quot;,&quot;step_type&quot;:&quot;number_text&quot;,&quot;step_icon_shape&quot;:&quot;circle&quot;}\" data-widget_type=\"form.default\">\n\t\t\t\t<div class=\"elementor-widget-container\">\n\t\t\t\t\t\t\t<form class=\"elementor-form\" method=\"post\" name=\"Formul\u00e1rio de Contato\" action=\"\">\n\t\t\t<input type=\"hidden\" name=\"post_id\" value=\"453\"\/>\n\t\t\t<input type=\"hidden\" name=\"form_id\" value=\"b9fa6cc\"\/>\n\t\t\t<input type=\"hidden\" name=\"referer_title\" value=\"Contato - UAVI\" \/>\n\n\t\t\t\t\t\t\t<input type=\"hidden\" name=\"queried_id\" value=\"453\"\/>\n\t\t\t\n\t\t\t<div class=\"elementor-form-fields-wrapper elementor-labels-\">\n\t\t\t\t\t\t\t\t<div class=\"elementor-field-type-text elementor-field-group elementor-column elementor-field-group-nome elementor-col-50 elementor-field-required\">\n\t\t\t\t\t\t\t\t\t\t\t\t<label for=\"form-field-nome\" class=\"elementor-field-label elementor-screen-only\">\n\t\t\t\t\t\t\t\tName\t\t\t\t\t\t\t<\/label>\n\t\t\t\t\t\t\t\t\t\t\t\t\t\t<input size=\"1\" type=\"text\" name=\"form_fields[nome]\" id=\"form-field-nome\" class=\"elementor-field elementor-size-sm  elementor-field-textual\" placeholder=\"Name\" required=\"required\">\n\t\t\t\t\t\t\t\t\t\t\t<\/div>\n\t\t\t\t\t\t\t\t<div class=\"elementor-field-type-text elementor-field-group elementor-column elementor-field-group-celular elementor-col-50 elementor-field-required\">\n\t\t\t\t\t\t\t\t\t\t\t\t<label for=\"form-field-celular\" class=\"elementor-field-label elementor-screen-only\">\n\t\t\t\t\t\t\t\tCell phone\t\t\t\t\t\t\t<\/label>\n\t\t\t\t\t\t\t\t\t\t\t\t\t\t<input size=\"1\" type=\"text\" name=\"form_fields[celular]\" id=\"form-field-celular\" class=\"elementor-field elementor-size-sm  elementor-field-textual\" placeholder=\"Cell phone\" required=\"required\">\n\t\t\t\t\t\t\t\t\t\t\t<\/div>\n\t\t\t\t\t\t\t\t<div class=\"elementor-field-type-email elementor-field-group elementor-column elementor-field-group-email elementor-col-100 elementor-field-required\">\n\t\t\t\t\t\t\t\t\t\t\t\t<label for=\"form-field-email\" class=\"elementor-field-label elementor-screen-only\">\n\t\t\t\t\t\t\t\tE-mail\t\t\t\t\t\t\t<\/label>\n\t\t\t\t\t\t\t\t\t\t\t\t\t\t<input size=\"1\" type=\"email\" name=\"form_fields[email]\" id=\"form-field-email\" class=\"elementor-field elementor-size-sm  elementor-field-textual\" placeholder=\"E-mail\" required=\"required\">\n\t\t\t\t\t\t\t\t\t\t\t<\/div>\n\t\t\t\t\t\t\t\t<div class=\"elementor-field-type-textarea elementor-field-group elementor-column elementor-field-group-mensagem elementor-col-100 elementor-field-required\">\n\t\t\t\t\t\t\t\t\t\t\t\t<label for=\"form-field-mensagem\" class=\"elementor-field-label elementor-screen-only\">\n\t\t\t\t\t\t\t\tMessage\t\t\t\t\t\t\t<\/label>\n\t\t\t\t\t\t<textarea class=\"elementor-field-textual elementor-field  elementor-size-sm\" name=\"form_fields[mensagem]\" id=\"form-field-mensagem\" rows=\"5\" placeholder=\"Message\" required=\"required\"><\/textarea>\t\t\t\t<\/div>\n\t\t\t\t\t\t\t\t<div class=\"elementor-field-type-acceptance elementor-field-group elementor-column elementor-field-group-termos elementor-col-100 elementor-field-required\">\n\t\t\t\t\t\t\t\t\t\t\t\t<label for=\"form-field-termos\" class=\"elementor-field-label elementor-screen-only\">\n\t\t\t\t\t\t\t\tTerms\t\t\t\t\t\t\t<\/label>\n\t\t\t\t\t\t\t\t<div class=\"elementor-field-subgroup\">\n\t\t\t<span class=\"elementor-field-option\">\n\t\t\t\t<input type=\"checkbox\" name=\"form_fields[termos]\" id=\"form-field-termos\" class=\"elementor-field elementor-size-sm  elementor-acceptance-field\" required=\"required\">\n\t\t\t\t<label for=\"form-field-termos\">I have read, understood and agree with the <a href=\"https:\/\/uavi.global\/en\/politica-de-privacidade\/\" target=\"_blank\">Privacy Policy<\/a>.<\/label>\t\t\t<\/span>\n\t\t<\/div>\n\t\t\t\t\t\t<\/div>\n\t\t\t\t\t\t\t\t<div class=\"elementor-field-group elementor-column elementor-field-type-submit elementor-col-100 e-form__buttons\">\n\t\t\t\t\t<button class=\"elementor-button elementor-size-sm\" type=\"submit\">\n\t\t\t\t\t\t<span class=\"elementor-button-content-wrapper\">\n\t\t\t\t\t\t\t\t\t\t\t\t\t\t\t\t\t\t\t\t\t\t<span class=\"elementor-button-text\">Send Message<\/span>\n\t\t\t\t\t\t\t\t\t\t\t\t\t<\/span>\n\t\t\t\t\t<\/button>\n\t\t\t\t<\/div>\n\t\t\t<\/div>\n\t\t<input type=\"hidden\" name=\"trp-form-language\" value=\"en\"\/><\/form>\n\t\t\t\t\t\t<\/div>\n\t\t\t\t<\/div>\n\t\t\t\t<\/div>\n\t\t\t\t\t<\/div>\n\t\t\t\t<\/div>\n\t\t\t\t<\/div>","protected":false},"excerpt":{"rendered":"<p>Contact Contact us for more information. Our team will be happy to assist you. Development Center contato@uavi.global +55 (12) 99612-2768 Av. Doutor Altino Bondesan, 500 Eug\u00eanio de Melo District, S\u00e3o Jos\u00e9 dos Campos \u2013 SP CEP 12247-016<\/p>","protected":false},"author":1,"featured_media":0,"parent":0,"menu_order":0,"comment_status":"closed","ping_status":"closed","template":"elementor_header_footer","meta":{"footnotes":""},"class_list":["post-453","page","type-page","status-publish","hentry"],"yoast_head":"<!-- This site is optimized with the Yoast SEO plugin v27.4 - https:\/\/yoast.com\/product\/yoast-seo-wordpress\/ -->\n<title>Contato - UAVI<\/title>\n<meta name=\"robots\" content=\"index, follow, max-snippet:-1, max-image-preview:large, max-video-preview:-1\" \/>\n<link rel=\"canonical\" href=\"https:\/\/uavi.global\/en\/contato\/\" \/>\n<meta property=\"og:locale\" content=\"en_US\" \/>\n<meta property=\"og:type\" content=\"article\" \/>\n<meta property=\"og:title\" content=\"Contato - UAVI\" \/>\n<meta property=\"og:description\" content=\"Contato Entre em contato conosco para mais informa\u00e7\u00f5es. Nossa equipe ter\u00e1 prazer em atend\u00ea-lo. Centro de Desenvolvimento contato@uavi.global +55 (12) 99612-2768 Av. Doutor Altino Bondesan, 500 Distrito de Eug\u00eanio de Melo, S\u00e3o Jos\u00e9 dos Campos \u2013 SP CEP 12247-016\" \/>\n<meta property=\"og:url\" content=\"https:\/\/uavi.global\/en\/contato\/\" \/>\n<meta property=\"og:site_name\" content=\"UAVI\" \/>\n<meta property=\"article:modified_time\" content=\"2026-01-19T12:42:12+00:00\" \/>\n<meta name=\"twitter:card\" content=\"summary_large_image\" \/>\n<meta name=\"twitter:label1\" content=\"Est. reading time\" \/>\n\t<meta name=\"twitter:data1\" content=\"1 minute\" \/>\n<script type=\"application\/ld+json\" class=\"yoast-schema-graph\">{\"@context\":\"https:\\\/\\\/schema.org\",\"@graph\":[{\"@type\":\"WebPage\",\"@id\":\"https:\\\/\\\/uavi.global\\\/contato\\\/\",\"url\":\"https:\\\/\\\/uavi.global\\\/contato\\\/\",\"name\":\"Contato - UAVI\",\"isPartOf\":{\"@id\":\"https:\\\/\\\/uavi.global\\\/#website\"},\"datePublished\":\"2025-04-15T19:20:59+00:00\",\"dateModified\":\"2026-01-19T12:42:12+00:00\",\"breadcrumb\":{\"@id\":\"https:\\\/\\\/uavi.global\\\/contato\\\/#breadcrumb\"},\"inLanguage\":\"en-US\",\"potentialAction\":[{\"@type\":\"ReadAction\",\"target\":[\"https:\\\/\\\/uavi.global\\\/contato\\\/\"]}]},{\"@type\":\"BreadcrumbList\",\"@id\":\"https:\\\/\\\/uavi.global\\\/contato\\\/#breadcrumb\",\"itemListElement\":[{\"@type\":\"ListItem\",\"position\":1,\"name\":\"In\u00edcio\",\"item\":\"https:\\\/\\\/uavi.global\\\/\"},{\"@type\":\"ListItem\",\"position\":2,\"name\":\"Contato\"}]},{\"@type\":\"WebSite\",\"@id\":\"https:\\\/\\\/uavi.global\\\/#website\",\"url\":\"https:\\\/\\\/uavi.global\\\/\",\"name\":\"UAVI\",\"description\":\"\",\"publisher\":{\"@id\":\"https:\\\/\\\/uavi.global\\\/#organization\"},\"potentialAction\":[{\"@type\":\"SearchAction\",\"target\":{\"@type\":\"EntryPoint\",\"urlTemplate\":\"https:\\\/\\\/uavi.global\\\/?s={search_term_string}\"},\"query-input\":{\"@type\":\"PropertyValueSpecification\",\"valueRequired\":true,\"valueName\":\"search_term_string\"}}],\"inLanguage\":\"en-US\"},{\"@type\":\"Organization\",\"@id\":\"https:\\\/\\\/uavi.global\\\/#organization\",\"name\":\"UAVI\",\"url\":\"https:\\\/\\\/uavi.global\\\/\",\"logo\":{\"@type\":\"ImageObject\",\"inLanguage\":\"en-US\",\"@id\":\"https:\\\/\\\/uavi.global\\\/#\\\/schema\\\/logo\\\/image\\\/\",\"url\":\"https:\\\/\\\/uavi.global\\\/wp-content\\\/uploads\\\/2025\\\/04\\\/cropped-image-53.png\",\"contentUrl\":\"https:\\\/\\\/uavi.global\\\/wp-content\\\/uploads\\\/2025\\\/04\\\/cropped-image-53.png\",\"width\":188,\"height\":40,\"caption\":\"UAVI\"},\"image\":{\"@id\":\"https:\\\/\\\/uavi.global\\\/#\\\/schema\\\/logo\\\/image\\\/\"}}]}<\/script>\n<!-- \/ Yoast SEO plugin. -->","yoast_head_json":{"title":"Contact - UAVI","robots":{"index":"index","follow":"follow","max-snippet":"max-snippet:-1","max-image-preview":"max-image-preview:large","max-video-preview":"max-video-preview:-1"},"canonical":"https:\/\/uavi.global\/en\/contato\/","og_locale":"en_US","og_type":"article","og_title":"Contato - UAVI","og_description":"Contato Entre em contato conosco para mais informa\u00e7\u00f5es. Nossa equipe ter\u00e1 prazer em atend\u00ea-lo. Centro de Desenvolvimento contato@uavi.global +55 (12) 99612-2768 Av. Doutor Altino Bondesan, 500 Distrito de Eug\u00eanio de Melo, S\u00e3o Jos\u00e9 dos Campos \u2013 SP CEP 12247-016","og_url":"https:\/\/uavi.global\/en\/contato\/","og_site_name":"UAVI","article_modified_time":"2026-01-19T12:42:12+00:00","twitter_card":"summary_large_image","twitter_misc":{"Est. reading time":"1 minute"},"schema":{"@context":"https:\/\/schema.org","@graph":[{"@type":"WebPage","@id":"https:\/\/uavi.global\/contato\/","url":"https:\/\/uavi.global\/contato\/","name":"Contact - UAVI","isPartOf":{"@id":"https:\/\/uavi.global\/#website"},"datePublished":"2025-04-15T19:20:59+00:00","dateModified":"2026-01-19T12:42:12+00:00","breadcrumb":{"@id":"https:\/\/uavi.global\/contato\/#breadcrumb"},"inLanguage":"en-US","potentialAction":[{"@type":"ReadAction","target":["https:\/\/uavi.global\/contato\/"]}]},{"@type":"BreadcrumbList","@id":"https:\/\/uavi.global\/contato\/#breadcrumb","itemListElement":[{"@type":"ListItem","position":1,"name":"In\u00edcio","item":"https:\/\/uavi.global\/"},{"@type":"ListItem","position":2,"name":"Contato"}]},{"@type":"WebSite","@id":"https:\/\/uavi.global\/#website","url":"https:\/\/uavi.global\/","name":"UAVI","description":"","publisher":{"@id":"https:\/\/uavi.global\/#organization"},"potentialAction":[{"@type":"SearchAction","target":{"@type":"EntryPoint","urlTemplate":"https:\/\/uavi.global\/?s={search_term_string}"},"query-input":{"@type":"PropertyValueSpecification","valueRequired":true,"valueName":"search_term_string"}}],"inLanguage":"en-US"},{"@type":"Organization","@id":"https:\/\/uavi.global\/#organization","name":"UAVI","url":"https:\/\/uavi.global\/","logo":{"@type":"ImageObject","inLanguage":"en-US","@id":"https:\/\/uavi.global\/#\/schema\/logo\/image\/","url":"https:\/\/uavi.global\/wp-content\/uploads\/2025\/04\/cropped-image-53.png","contentUrl":"https:\/\/uavi.global\/wp-content\/uploads\/2025\/04\/cropped-image-53.png","width":188,"height":40,"caption":"UAVI"},"image":{"@id":"https:\/\/uavi.global\/#\/schema\/logo\/image\/"}}]}},"_links":{"self":[{"href":"https:\/\/uavi.global\/en\/wp-json\/wp\/v2\/pages\/453","targetHints":{"allow":["GET"]}}],"collection":[{"href":"https:\/\/uavi.global\/en\/wp-json\/wp\/v2\/pages"}],"about":[{"href":"https:\/\/uavi.global\/en\/wp-json\/wp\/v2\/types\/page"}],"author":[{"embeddable":true,"href":"https:\/\/uavi.global\/en\/wp-json\/wp\/v2\/users\/1"}],"replies":[{"embeddable":true,"href":"https:\/\/uavi.global\/en\/wp-json\/wp\/v2\/comments?post=453"}],"version-history":[{"count":58,"href":"https:\/\/uavi.global\/en\/wp-json\/wp\/v2\/pages\/453\/revisions"}],"predecessor-version":[{"id":1873,"href":"https:\/\/uavi.global\/en\/wp-json\/wp\/v2\/pages\/453\/revisions\/1873"}],"wp:attachment":[{"href":"https:\/\/uavi.global\/en\/wp-json\/wp\/v2\/media?parent=453"}],"curies":[{"name":"wp","href":"https:\/\/api.w.org\/{rel}","templated":true}]}}